{"id":20751,"date":"2025-01-10T12:34:32","date_gmt":"2025-01-10T12:34:32","guid":{"rendered":"https:\/\/intex-biotech.ch\/mentions-legales\/"},"modified":"2025-01-10T12:34:32","modified_gmt":"2025-01-10T12:34:32","slug":"mentions-legales","status":"publish","type":"page","link":"https:\/\/intex-biotech.ch\/fr\/mentions-legales\/","title":{"rendered":"Mentions l\u00e9gales"},"content":{"rendered":"<div class=\"elementor-element elementor-element-7942aaf5 elementor-widget elementor-widget-heading\" data-id=\"7942aaf5\" data-element_type=\"widget\" data-widget_type=\"heading.default\">\n<div class=\"elementor-widget-container\">\n<h2 class=\"elementor-heading-title elementor-size-default\">Mentions l\u00e9gales<\/h2>\n<\/div>\n<\/div>\n<div class=\"elementor-element elementor-element-10f4d9e1 elementor-widget elementor-widget-text-editor\" data-id=\"10f4d9e1\" data-element_type=\"widget\" data-widget_type=\"text-editor.default\">\n<div class=\"elementor-widget-container\">\n<p>Intex Biotech AG<\/p>\n<p>Adlerstr. 21, CH-4052 B\u00e2le <\/p>\n<p>service@intex-biotech.ch<\/p>\n<p><b> <\/b><\/p>\n<p>Inscription au registre du commerce :<\/p>\n<p>N\u00b0 CH-270.3.002.940-2<\/p>\n<p>Bureau du registre du commerce : B\u00e2le-Ville<\/p>\n<p>&nbsp;<\/p>\n<p>Personnes autoris\u00e9es \u00e0 repr\u00e9senter l&rsquo;entreprise<\/p>\n<p>Dr. Gabor Em\u00f6di CEO<\/p>\n<p>Num\u00e9ro d&rsquo;identification fiscale CHE-106.412.927 <\/p>\n<div>\n<p>&nbsp;<\/p>\n<\/div>\n<\/div>\n<\/div>\n","protected":false},"excerpt":{"rendered":"<p>Mentions l\u00e9gales Intex Biotech AG Adlerstr. 21, CH-4052 B\u00e2le service@intex-biotech.ch Inscription au registre du commerce : N\u00b0 CH-270.3.002.940-2 Bureau du<\/p>\n","protected":false},"author":1,"featured_media":0,"parent":0,"menu_order":0,"comment_status":"closed","ping_status":"closed","template":"","meta":{"_acf_changed":false,"footnotes":""},"class_list":["post-20751","page","type-page","status-publish","hentry"],"acf":[],"yoast_head":"<!-- This site is optimized with the Yoast SEO plugin v27.4 - https:\/\/yoast.com\/product\/yoast-seo-wordpress\/ -->\n<title>Mentions l\u00e9gales - INTEX Biotech AG<\/title>\n<meta name=\"robots\" content=\"index, follow, max-snippet:-1, max-image-preview:large, max-video-preview:-1\" \/>\n<link rel=\"canonical\" href=\"https:\/\/intex-biotech.ch\/fr\/mentions-legales\/\" \/>\n<meta property=\"og:locale\" content=\"fr_FR\" \/>\n<meta property=\"og:type\" content=\"article\" \/>\n<meta property=\"og:title\" content=\"Mentions l\u00e9gales - INTEX Biotech AG\" \/>\n<meta property=\"og:description\" content=\"Mentions l\u00e9gales Intex Biotech AG Adlerstr. 21, CH-4052 B\u00e2le service@intex-biotech.ch Inscription au registre du commerce : N\u00b0 CH-270.3.002.940-2 Bureau du\" \/>\n<meta property=\"og:url\" content=\"https:\/\/intex-biotech.ch\/fr\/mentions-legales\/\" \/>\n<meta property=\"og:site_name\" content=\"INTEX Biotech AG\" \/>\n<meta property=\"article:publisher\" content=\"https:\/\/www.facebook.com\/profile.php?id=61569140505229\" \/>\n<meta name=\"twitter:card\" content=\"summary_large_image\" \/>\n<script type=\"application\/ld+json\" class=\"yoast-schema-graph\">{\"@context\":\"https:\\\/\\\/schema.org\",\"@graph\":[{\"@type\":\"WebPage\",\"@id\":\"https:\\\/\\\/intex-biotech.ch\\\/fr\\\/mentions-legales\\\/\",\"url\":\"https:\\\/\\\/intex-biotech.ch\\\/fr\\\/mentions-legales\\\/\",\"name\":\"Mentions l\u00e9gales - INTEX Biotech AG\",\"isPartOf\":{\"@id\":\"https:\\\/\\\/intex-biotech.ch\\\/#website\"},\"datePublished\":\"2025-01-10T12:34:32+00:00\",\"breadcrumb\":{\"@id\":\"https:\\\/\\\/intex-biotech.ch\\\/fr\\\/mentions-legales\\\/#breadcrumb\"},\"inLanguage\":\"fr-FR\",\"potentialAction\":[{\"@type\":\"ReadAction\",\"target\":[\"https:\\\/\\\/intex-biotech.ch\\\/fr\\\/mentions-legales\\\/\"]}]},{\"@type\":\"BreadcrumbList\",\"@id\":\"https:\\\/\\\/intex-biotech.ch\\\/fr\\\/mentions-legales\\\/#breadcrumb\",\"itemListElement\":[{\"@type\":\"ListItem\",\"position\":1,\"name\":\"Startseite\",\"item\":\"https:\\\/\\\/intex-biotech.ch\\\/fr\\\/\"},{\"@type\":\"ListItem\",\"position\":2,\"name\":\"Mentions l\u00e9gales\"}]},{\"@type\":\"WebSite\",\"@id\":\"https:\\\/\\\/intex-biotech.ch\\\/#website\",\"url\":\"https:\\\/\\\/intex-biotech.ch\\\/\",\"name\":\"INTEX Biotech AG\",\"description\":\"Intex Diagnostika\",\"publisher\":{\"@id\":\"https:\\\/\\\/intex-biotech.ch\\\/#organization\"},\"potentialAction\":[{\"@type\":\"SearchAction\",\"target\":{\"@type\":\"EntryPoint\",\"urlTemplate\":\"https:\\\/\\\/intex-biotech.ch\\\/?s={search_term_string}\"},\"query-input\":{\"@type\":\"PropertyValueSpecification\",\"valueRequired\":true,\"valueName\":\"search_term_string\"}}],\"inLanguage\":\"fr-FR\"},{\"@type\":\"Organization\",\"@id\":\"https:\\\/\\\/intex-biotech.ch\\\/#organization\",\"name\":\"INTEX Biotech AG\",\"url\":\"https:\\\/\\\/intex-biotech.ch\\\/\",\"logo\":{\"@type\":\"ImageObject\",\"inLanguage\":\"fr-FR\",\"@id\":\"https:\\\/\\\/intex-biotech.ch\\\/#\\\/schema\\\/logo\\\/image\\\/\",\"url\":\"https:\\\/\\\/intex-biotech.ch\\\/wp-content\\\/uploads\\\/2025\\\/01\\\/cropped-Bild-4.jpeg\",\"contentUrl\":\"https:\\\/\\\/intex-biotech.ch\\\/wp-content\\\/uploads\\\/2025\\\/01\\\/cropped-Bild-4.jpeg\",\"width\":339,\"height\":91,\"caption\":\"INTEX Biotech AG\"},\"image\":{\"@id\":\"https:\\\/\\\/intex-biotech.ch\\\/#\\\/schema\\\/logo\\\/image\\\/\"},\"sameAs\":[\"https:\\\/\\\/www.facebook.com\\\/profile.php?id=61569140505229\"]}]}<\/script>\n<!-- \/ Yoast SEO plugin. -->","yoast_head_json":{"title":"Mentions l\u00e9gales - INTEX Biotech AG","robots":{"index":"index","follow":"follow","max-snippet":"max-snippet:-1","max-image-preview":"max-image-preview:large","max-video-preview":"max-video-preview:-1"},"canonical":"https:\/\/intex-biotech.ch\/fr\/mentions-legales\/","og_locale":"fr_FR","og_type":"article","og_title":"Mentions l\u00e9gales - INTEX Biotech AG","og_description":"Mentions l\u00e9gales Intex Biotech AG Adlerstr. 21, CH-4052 B\u00e2le service@intex-biotech.ch Inscription au registre du commerce : N\u00b0 CH-270.3.002.940-2 Bureau du","og_url":"https:\/\/intex-biotech.ch\/fr\/mentions-legales\/","og_site_name":"INTEX Biotech AG","article_publisher":"https:\/\/www.facebook.com\/profile.php?id=61569140505229","twitter_card":"summary_large_image","schema":{"@context":"https:\/\/schema.org","@graph":[{"@type":"WebPage","@id":"https:\/\/intex-biotech.ch\/fr\/mentions-legales\/","url":"https:\/\/intex-biotech.ch\/fr\/mentions-legales\/","name":"Mentions l\u00e9gales - INTEX Biotech AG","isPartOf":{"@id":"https:\/\/intex-biotech.ch\/#website"},"datePublished":"2025-01-10T12:34:32+00:00","breadcrumb":{"@id":"https:\/\/intex-biotech.ch\/fr\/mentions-legales\/#breadcrumb"},"inLanguage":"fr-FR","potentialAction":[{"@type":"ReadAction","target":["https:\/\/intex-biotech.ch\/fr\/mentions-legales\/"]}]},{"@type":"BreadcrumbList","@id":"https:\/\/intex-biotech.ch\/fr\/mentions-legales\/#breadcrumb","itemListElement":[{"@type":"ListItem","position":1,"name":"Startseite","item":"https:\/\/intex-biotech.ch\/fr\/"},{"@type":"ListItem","position":2,"name":"Mentions l\u00e9gales"}]},{"@type":"WebSite","@id":"https:\/\/intex-biotech.ch\/#website","url":"https:\/\/intex-biotech.ch\/","name":"INTEX Biotech AG","description":"Intex Diagnostika","publisher":{"@id":"https:\/\/intex-biotech.ch\/#organization"},"potentialAction":[{"@type":"SearchAction","target":{"@type":"EntryPoint","urlTemplate":"https:\/\/intex-biotech.ch\/?s={search_term_string}"},"query-input":{"@type":"PropertyValueSpecification","valueRequired":true,"valueName":"search_term_string"}}],"inLanguage":"fr-FR"},{"@type":"Organization","@id":"https:\/\/intex-biotech.ch\/#organization","name":"INTEX Biotech AG","url":"https:\/\/intex-biotech.ch\/","logo":{"@type":"ImageObject","inLanguage":"fr-FR","@id":"https:\/\/intex-biotech.ch\/#\/schema\/logo\/image\/","url":"https:\/\/intex-biotech.ch\/wp-content\/uploads\/2025\/01\/cropped-Bild-4.jpeg","contentUrl":"https:\/\/intex-biotech.ch\/wp-content\/uploads\/2025\/01\/cropped-Bild-4.jpeg","width":339,"height":91,"caption":"INTEX Biotech AG"},"image":{"@id":"https:\/\/intex-biotech.ch\/#\/schema\/logo\/image\/"},"sameAs":["https:\/\/www.facebook.com\/profile.php?id=61569140505229"]}]}},"_links":{"self":[{"href":"https:\/\/intex-biotech.ch\/fr\/wp-json\/wp\/v2\/pages\/20751","targetHints":{"allow":["GET"]}}],"collection":[{"href":"https:\/\/intex-biotech.ch\/fr\/wp-json\/wp\/v2\/pages"}],"about":[{"href":"https:\/\/intex-biotech.ch\/fr\/wp-json\/wp\/v2\/types\/page"}],"author":[{"embeddable":true,"href":"https:\/\/intex-biotech.ch\/fr\/wp-json\/wp\/v2\/users\/1"}],"replies":[{"embeddable":true,"href":"https:\/\/intex-biotech.ch\/fr\/wp-json\/wp\/v2\/comments?post=20751"}],"version-history":[{"count":0,"href":"https:\/\/intex-biotech.ch\/fr\/wp-json\/wp\/v2\/pages\/20751\/revisions"}],"wp:attachment":[{"href":"https:\/\/intex-biotech.ch\/fr\/wp-json\/wp\/v2\/media?parent=20751"}],"curies":[{"name":"wp","href":"https:\/\/api.w.org\/{rel}","templated":true}]}}