{"id":20764,"date":"2025-01-06T15:10:05","date_gmt":"2025-01-06T15:10:05","guid":{"rendered":"https:\/\/intex-biotech.ch\/panier-dachat\/"},"modified":"2025-06-08T10:57:19","modified_gmt":"2025-06-08T10:57:19","slug":"panier-dachat","status":"publish","type":"page","link":"https:\/\/intex-biotech.ch\/fr\/panier-dachat\/","title":{"rendered":"Panier d&rsquo;achat"},"content":{"rendered":"\r\n<div data-block-name=\"woocommerce\/cart\" class=\"wp-block-woocommerce-cart alignwide is-loading\">\r\n<div data-block-name=\"woocommerce\/filled-cart-block\" class=\"wp-block-woocommerce-filled-cart-block\">\r\n<div data-block-name=\"woocommerce\/cart-items-block\" class=\"wp-block-woocommerce-cart-items-block\">\r\n<div data-block-name=\"woocommerce\/cart-line-items-block\" data-translated-with-w-p-m-l-t-m=\"1\" class=\"wp-block-woocommerce-cart-line-items-block\"> <\/div>\r\n\r\n\r\n\r\n<div data-block-name=\"woocommerce\/cart-cross-sells-block\" class=\"wp-block-woocommerce-cart-cross-sells-block\">&#13;\n<h2 class=\"wp-block-heading has-large-font-size\">Vous pourriez \u00eatre int\u00e9ress\u00e9 par&#8230;<\/h2>&#13;\n\r\n\r\n\r\n<div data-block-name=\"woocommerce\/cart-cross-sells-products-block\" data-translated-with-w-p-m-l-t-m=\"1\" class=\"wp-block-woocommerce-cart-cross-sells-products-block\"> <\/div>\r\n<\/div>\r\n<\/div>\r\n\r\n\r\n\r\n<div data-block-name=\"woocommerce\/cart-totals-block\" class=\"wp-block-woocommerce-cart-totals-block\">\r\n<div data-block-name=\"woocommerce\/cart-order-summary-block\" class=\"wp-block-woocommerce-cart-order-summary-block\">\r\n<div data-block-name=\"woocommerce\/cart-order-summary-heading-block\" data-content=\"Somme du panier\" class=\"wp-block-woocommerce-cart-order-summary-heading-block\">\u00a0<\/div>\r\n\r\n\r\n\r\n<div data-block-name=\"woocommerce\/cart-order-summary-coupon-form-block\" data-translated-with-w-p-m-l-t-m=\"1\" class=\"wp-block-woocommerce-cart-order-summary-coupon-form-block\"> <\/div>\r\n\r\n\r\n\r\n<div data-block-name=\"woocommerce\/cart-order-summary-totals-block\" class=\"wp-block-woocommerce-cart-order-summary-totals-block\">\r\n<div data-block-name=\"woocommerce\/cart-order-summary-subtotal-block\" data-translated-with-w-p-m-l-t-m=\"1\" class=\"wp-block-woocommerce-cart-order-summary-subtotal-block\"> <\/div>\r\n\r\n\r\n\r\n<div data-block-name=\"woocommerce\/cart-order-summary-fee-block\" data-translated-with-w-p-m-l-t-m=\"1\" class=\"wp-block-woocommerce-cart-order-summary-fee-block\"> <\/div>\r\n\r\n\r\n\r\n<div data-block-name=\"woocommerce\/cart-order-summary-discount-block\" data-translated-with-w-p-m-l-t-m=\"1\" class=\"wp-block-woocommerce-cart-order-summary-discount-block\"> <\/div>\r\n\r\n\r\n\r\n<div data-block-name=\"woocommerce\/cart-order-summary-shipping-block\" data-translated-with-w-p-m-l-t-m=\"1\" class=\"wp-block-woocommerce-cart-order-summary-shipping-block\"> <\/div>\r\n\r\n\r\n\r\n<div data-block-name=\"woocommerce\/cart-order-summary-taxes-block\" data-translated-with-w-p-m-l-t-m=\"1\" class=\"wp-block-woocommerce-cart-order-summary-taxes-block\"> <\/div>\r\n<\/div>\r\n<\/div>\r\n\r\n\r\n\r\n<div data-block-name=\"woocommerce\/cart-express-payment-block\" data-translated-with-w-p-m-l-t-m=\"1\" class=\"wp-block-woocommerce-cart-express-payment-block\"> <\/div>\r\n\r\n\r\n\r\n<div data-block-name=\"woocommerce\/proceed-to-checkout-block\" class=\"wp-block-woocommerce-proceed-to-checkout-block\">\u00a0<\/div>\r\n\r\n\r\n\r\n<div data-block-name=\"woocommerce\/cart-accepted-payment-methods-block\" data-translated-with-w-p-m-l-t-m=\"1\" class=\"wp-block-woocommerce-cart-accepted-payment-methods-block\"> <\/div>\r\n<\/div>\r\n<\/div>\r\n\r\n\r\n\r\n<div data-block-name=\"woocommerce\/empty-cart-block\" class=\"wp-block-woocommerce-empty-cart-block\">&#13;\n<h2 class=\"wp-block-heading has-text-align-center with-empty-cart-icon wc-block-cart__empty-cart__title\">Votre panier est actuellement vide !<\/h2>&#13;\n\r\n\r\n<hr class=\"wp-block-separator has-alpha-channel-opacity is-style-dots\" \/>\r\n\r\n&#13;\n<h2 class=\"wp-block-heading has-text-align-center\">Nouveau en magasin<\/h2>&#13;\n\r\n\r\n<div data-block-name=\"woocommerce\/product-new\" data-columns=\"4\" data-rows=\"1\" class=\"wc-block-grid wp-block-product-new wp-block-woocommerce-product-new wc-block-product-new has-4-columns\"><ul class=\"wc-block-grid__products\"><li class=\"wc-block-grid__product\">\n\t\t\t\t<a href=\"https:\/\/intex-biotech.ch\/fr\/product\/intex-test-grossesse-gravi-hcg-1-pce\/\" class=\"wc-block-grid__product-link\">\n\t\t\t\t\t\n\t\t\t\t\t<div class=\"wc-block-grid__product-image\"><img decoding=\"async\" width=\"500\" height=\"231\" src=\"https:\/\/intex-biotech.ch\/wp-content\/uploads\/2025\/10\/Gravi-hCG-2-Stk-isoliert-500x231.jpg\" class=\"attachment-woocommerce_thumbnail size-woocommerce_thumbnail lazyload\" alt=\"INTEX test grossesse Gravi HCG 1 pce\" srcset=\"data:image\/svg+xml,%3Csvg%20xmlns%3D%27http%3A%2F%2Fwww.w3.org%2F2000%2Fsvg%27%20width%3D%272560%27%20height%3D%271183%27%20viewBox%3D%270%200%202560%201183%27%3E%3Crect%20width%3D%272560%27%20height%3D%271183%27%20fill-opacity%3D%220%22%2F%3E%3C%2Fsvg%3E\" data-orig-src=\"https:\/\/intex-biotech.ch\/wp-content\/uploads\/2025\/10\/Gravi-hCG-2-Stk-isoliert-500x231.jpg\" data-srcset=\"https:\/\/intex-biotech.ch\/wp-content\/uploads\/2025\/10\/Gravi-hCG-2-Stk-isoliert-200x92.jpg 200w, https:\/\/intex-biotech.ch\/wp-content\/uploads\/2025\/10\/Gravi-hCG-2-Stk-isoliert-300x139.jpg 300w, https:\/\/intex-biotech.ch\/wp-content\/uploads\/2025\/10\/Gravi-hCG-2-Stk-isoliert-400x185.jpg 400w, https:\/\/intex-biotech.ch\/wp-content\/uploads\/2025\/10\/Gravi-hCG-2-Stk-isoliert-500x231.jpg 500w, https:\/\/intex-biotech.ch\/wp-content\/uploads\/2025\/10\/Gravi-hCG-2-Stk-isoliert-600x277.jpg 600w, https:\/\/intex-biotech.ch\/wp-content\/uploads\/2025\/10\/Gravi-hCG-2-Stk-isoliert-700x323.jpg 700w, https:\/\/intex-biotech.ch\/wp-content\/uploads\/2025\/10\/Gravi-hCG-2-Stk-isoliert-768x355.jpg 768w, https:\/\/intex-biotech.ch\/wp-content\/uploads\/2025\/10\/Gravi-hCG-2-Stk-isoliert-800x370.jpg 800w, https:\/\/intex-biotech.ch\/wp-content\/uploads\/2025\/10\/Gravi-hCG-2-Stk-isoliert-1024x473.jpg 1024w, https:\/\/intex-biotech.ch\/wp-content\/uploads\/2025\/10\/Gravi-hCG-2-Stk-isoliert-1200x554.jpg 1200w, https:\/\/intex-biotech.ch\/wp-content\/uploads\/2025\/10\/Gravi-hCG-2-Stk-isoliert-1536x710.jpg 1536w\" data-sizes=\"auto\" \/><\/div>\n\t\t\t\t\t<div class=\"wc-block-grid__product-title\">INTEX test grossesse Gravi HCG 1 pce<\/div>\n\t\t\t\t<\/a>\n\t\t\t\t<div class=\"wc-block-grid__product-price price\"><span class=\"woocommerce-Price-amount amount\"><span class=\"woocommerce-Price-currencySymbol\">&#067;&#072;&#070;<\/span>&nbsp;11.60<\/span> <small class=\"woocommerce-price-suffix\">inkl. MwSt.<\/small><\/div>\n\t\t\t\t\n\t\t\t\t<div class=\"wp-block-button wc-block-grid__product-add-to-cart\"><a href=\"\/fr\/wp-json\/wp\/v2\/pages\/20764?add-to-cart=22129\" aria-label=\"Ajouter au panier\u00a0: &ldquo;INTEX test grossesse Gravi HCG 1 pce&rdquo;\" data-quantity=\"1\" data-product_id=\"22129\" data-product_sku=\"GH3301\" data-price=\"11.6\" rel=\"nofollow\" class=\"wp-block-button__link  add_to_cart_button ajax_add_to_cart\">Ajouter au panier<\/a><\/div>\n\t\t\t<\/li><li class=\"wc-block-grid__product\">\n\t\t\t\t<a href=\"https:\/\/intex-biotech.ch\/fr\/product\/intex-gravi-hcg-greenline-test-de-grossesse-2-pcs\/\" class=\"wc-block-grid__product-link\">\n\t\t\t\t\t\n\t\t\t\t\t<div class=\"wc-block-grid__product-image\"><img decoding=\"async\" width=\"500\" height=\"333\" src=\"https:\/\/intex-biotech.ch\/wp-content\/uploads\/2025\/12\/Greenline_Box_2Test_01-500x333.jpg\" class=\"attachment-woocommerce_thumbnail size-woocommerce_thumbnail lazyload\" alt=\"INTEX Gravi hCG Greenline Test de grossesse 2 pcs.\" srcset=\"data:image\/svg+xml,%3Csvg%20xmlns%3D%27http%3A%2F%2Fwww.w3.org%2F2000%2Fsvg%27%20width%3D%271500%27%20height%3D%271000%27%20viewBox%3D%270%200%201500%201000%27%3E%3Crect%20width%3D%271500%27%20height%3D%271000%27%20fill-opacity%3D%220%22%2F%3E%3C%2Fsvg%3E\" data-orig-src=\"https:\/\/intex-biotech.ch\/wp-content\/uploads\/2025\/12\/Greenline_Box_2Test_01-500x333.jpg\" data-srcset=\"https:\/\/intex-biotech.ch\/wp-content\/uploads\/2025\/12\/Greenline_Box_2Test_01-200x133.jpg 200w, https:\/\/intex-biotech.ch\/wp-content\/uploads\/2025\/12\/Greenline_Box_2Test_01-300x200.jpg 300w, https:\/\/intex-biotech.ch\/wp-content\/uploads\/2025\/12\/Greenline_Box_2Test_01-400x267.jpg 400w, https:\/\/intex-biotech.ch\/wp-content\/uploads\/2025\/12\/Greenline_Box_2Test_01-500x333.jpg 500w, https:\/\/intex-biotech.ch\/wp-content\/uploads\/2025\/12\/Greenline_Box_2Test_01-600x400.jpg 600w, https:\/\/intex-biotech.ch\/wp-content\/uploads\/2025\/12\/Greenline_Box_2Test_01-700x467.jpg 700w, https:\/\/intex-biotech.ch\/wp-content\/uploads\/2025\/12\/Greenline_Box_2Test_01-768x512.jpg 768w, https:\/\/intex-biotech.ch\/wp-content\/uploads\/2025\/12\/Greenline_Box_2Test_01-800x533.jpg 800w, https:\/\/intex-biotech.ch\/wp-content\/uploads\/2025\/12\/Greenline_Box_2Test_01-1024x683.jpg 1024w, https:\/\/intex-biotech.ch\/wp-content\/uploads\/2025\/12\/Greenline_Box_2Test_01-1200x800.jpg 1200w, https:\/\/intex-biotech.ch\/wp-content\/uploads\/2025\/12\/Greenline_Box_2Test_01.jpg 1500w\" data-sizes=\"auto\" \/><\/div>\n\t\t\t\t\t<div class=\"wc-block-grid__product-title\">INTEX Gravi hCG Greenline Test de grossesse 2 pcs.<\/div>\n\t\t\t\t<\/a>\n\t\t\t\t<div class=\"wc-block-grid__product-price price\"><span class=\"woocommerce-Price-amount amount\"><span class=\"woocommerce-Price-currencySymbol\">&#067;&#072;&#070;<\/span>&nbsp;27.10<\/span> <small class=\"woocommerce-price-suffix\">inkl. MwSt.<\/small><\/div>\n\t\t\t\t\n\t\t\t\t<div class=\"wp-block-button wc-block-grid__product-add-to-cart\"><a href=\"\/fr\/wp-json\/wp\/v2\/pages\/20764?add-to-cart=22145\" aria-label=\"Ajouter au panier\u00a0: &ldquo;INTEX Gravi hCG Greenline Test de grossesse 2 pcs.&rdquo;\" data-quantity=\"1\" data-product_id=\"22145\" data-product_sku=\"GH3302-UF\" data-price=\"27.1\" rel=\"nofollow\" class=\"wp-block-button__link  add_to_cart_button ajax_add_to_cart\">Ajouter au panier<\/a><\/div>\n\t\t\t<\/li><li class=\"wc-block-grid__product\">\n\t\t\t\t<a href=\"https:\/\/intex-biotech.ch\/fr\/product\/intex-coralene-test-grossesse-midstream-2-pcs\/\" class=\"wc-block-grid__product-link\">\n\t\t\t\t\t\n\t\t\t\t\t<div class=\"wc-block-grid__product-image\"><img decoding=\"async\" width=\"500\" height=\"333\" src=\"https:\/\/intex-biotech.ch\/wp-content\/uploads\/2025\/12\/Coralene_Box_2Test_1-500x333.jpg\" class=\"attachment-woocommerce_thumbnail size-woocommerce_thumbnail lazyload\" alt=\"INTEX Coralene test grossesse midstream 2 pcs\" srcset=\"data:image\/svg+xml,%3Csvg%20xmlns%3D%27http%3A%2F%2Fwww.w3.org%2F2000%2Fsvg%27%20width%3D%271500%27%20height%3D%271000%27%20viewBox%3D%270%200%201500%201000%27%3E%3Crect%20width%3D%271500%27%20height%3D%271000%27%20fill-opacity%3D%220%22%2F%3E%3C%2Fsvg%3E\" data-orig-src=\"https:\/\/intex-biotech.ch\/wp-content\/uploads\/2025\/12\/Coralene_Box_2Test_1-500x333.jpg\" data-srcset=\"https:\/\/intex-biotech.ch\/wp-content\/uploads\/2025\/12\/Coralene_Box_2Test_1-200x133.jpg 200w, https:\/\/intex-biotech.ch\/wp-content\/uploads\/2025\/12\/Coralene_Box_2Test_1-300x200.jpg 300w, https:\/\/intex-biotech.ch\/wp-content\/uploads\/2025\/12\/Coralene_Box_2Test_1-400x267.jpg 400w, https:\/\/intex-biotech.ch\/wp-content\/uploads\/2025\/12\/Coralene_Box_2Test_1-500x333.jpg 500w, https:\/\/intex-biotech.ch\/wp-content\/uploads\/2025\/12\/Coralene_Box_2Test_1-600x400.jpg 600w, https:\/\/intex-biotech.ch\/wp-content\/uploads\/2025\/12\/Coralene_Box_2Test_1-700x467.jpg 700w, https:\/\/intex-biotech.ch\/wp-content\/uploads\/2025\/12\/Coralene_Box_2Test_1-768x512.jpg 768w, https:\/\/intex-biotech.ch\/wp-content\/uploads\/2025\/12\/Coralene_Box_2Test_1-800x533.jpg 800w, https:\/\/intex-biotech.ch\/wp-content\/uploads\/2025\/12\/Coralene_Box_2Test_1-1024x683.jpg 1024w, https:\/\/intex-biotech.ch\/wp-content\/uploads\/2025\/12\/Coralene_Box_2Test_1-1200x800.jpg 1200w, https:\/\/intex-biotech.ch\/wp-content\/uploads\/2025\/12\/Coralene_Box_2Test_1.jpg 1500w\" data-sizes=\"auto\" \/><\/div>\n\t\t\t\t\t<div class=\"wc-block-grid__product-title\">INTEX Coralene test grossesse midstream 2 pcs<\/div>\n\t\t\t\t<\/a>\n\t\t\t\t<div class=\"wc-block-grid__product-price price\"><span class=\"woocommerce-Price-amount amount\"><span class=\"woocommerce-Price-currencySymbol\">&#067;&#072;&#070;<\/span>&nbsp;30.20<\/span> <small class=\"woocommerce-price-suffix\">inkl. MwSt.<\/small><\/div>\n\t\t\t\t\n\t\t\t\t<div class=\"wp-block-button wc-block-grid__product-add-to-cart\"><a href=\"\/fr\/wp-json\/wp\/v2\/pages\/20764?add-to-cart=22150\" aria-label=\"Ajouter au panier\u00a0: &ldquo;INTEX Coralene test grossesse midstream 2 pcs&rdquo;\" data-quantity=\"1\" data-product_id=\"22150\" data-product_sku=\"GHM3302\" data-price=\"30.2\" rel=\"nofollow\" class=\"wp-block-button__link  add_to_cart_button ajax_add_to_cart\">Ajouter au panier<\/a><\/div>\n\t\t\t<\/li><li class=\"wc-block-grid__product\">\n\t\t\t\t<a href=\"https:\/\/intex-biotech.ch\/fr\/product\/intex-gravi-hcg-greenline-test-de-grossesse-1pc\/\" class=\"wc-block-grid__product-link\">\n\t\t\t\t\t\n\t\t\t\t\t<div class=\"wc-block-grid__product-image\"><img decoding=\"async\" width=\"500\" height=\"333\" src=\"https:\/\/intex-biotech.ch\/wp-content\/uploads\/2025\/12\/Greenline_Box_1Test_01-500x333.jpg\" class=\"attachment-woocommerce_thumbnail size-woocommerce_thumbnail lazyload\" alt=\"INTEX Gravi hCG Greenline Test de grossesse 1pc\" srcset=\"data:image\/svg+xml,%3Csvg%20xmlns%3D%27http%3A%2F%2Fwww.w3.org%2F2000%2Fsvg%27%20width%3D%271500%27%20height%3D%271000%27%20viewBox%3D%270%200%201500%201000%27%3E%3Crect%20width%3D%271500%27%20height%3D%271000%27%20fill-opacity%3D%220%22%2F%3E%3C%2Fsvg%3E\" data-orig-src=\"https:\/\/intex-biotech.ch\/wp-content\/uploads\/2025\/12\/Greenline_Box_1Test_01-500x333.jpg\" data-srcset=\"https:\/\/intex-biotech.ch\/wp-content\/uploads\/2025\/12\/Greenline_Box_1Test_01-200x133.jpg 200w, https:\/\/intex-biotech.ch\/wp-content\/uploads\/2025\/12\/Greenline_Box_1Test_01-300x200.jpg 300w, https:\/\/intex-biotech.ch\/wp-content\/uploads\/2025\/12\/Greenline_Box_1Test_01-400x267.jpg 400w, https:\/\/intex-biotech.ch\/wp-content\/uploads\/2025\/12\/Greenline_Box_1Test_01-500x333.jpg 500w, https:\/\/intex-biotech.ch\/wp-content\/uploads\/2025\/12\/Greenline_Box_1Test_01-600x400.jpg 600w, https:\/\/intex-biotech.ch\/wp-content\/uploads\/2025\/12\/Greenline_Box_1Test_01-700x467.jpg 700w, https:\/\/intex-biotech.ch\/wp-content\/uploads\/2025\/12\/Greenline_Box_1Test_01-768x512.jpg 768w, https:\/\/intex-biotech.ch\/wp-content\/uploads\/2025\/12\/Greenline_Box_1Test_01-800x533.jpg 800w, https:\/\/intex-biotech.ch\/wp-content\/uploads\/2025\/12\/Greenline_Box_1Test_01-1024x683.jpg 1024w, https:\/\/intex-biotech.ch\/wp-content\/uploads\/2025\/12\/Greenline_Box_1Test_01-1200x800.jpg 1200w, https:\/\/intex-biotech.ch\/wp-content\/uploads\/2025\/12\/Greenline_Box_1Test_01.jpg 1500w\" data-sizes=\"auto\" \/><\/div>\n\t\t\t\t\t<div class=\"wc-block-grid__product-title\">INTEX Gravi hCG Greenline Test de grossesse 1pc<\/div>\n\t\t\t\t<\/a>\n\t\t\t\t<div class=\"wc-block-grid__product-price price\"><span class=\"woocommerce-Price-amount amount\"><span class=\"woocommerce-Price-currencySymbol\">&#067;&#072;&#070;<\/span>&nbsp;21.10<\/span> <small class=\"woocommerce-price-suffix\">inkl. MwSt.<\/small><\/div>\n\t\t\t\t\n\t\t\t\t<div class=\"wp-block-button wc-block-grid__product-add-to-cart\"><a href=\"\/fr\/wp-json\/wp\/v2\/pages\/20764?add-to-cart=22144\" aria-label=\"Ajouter au panier\u00a0: &ldquo;INTEX Gravi hCG Greenline Test de grossesse 1pc&rdquo;\" data-quantity=\"1\" data-product_id=\"22144\" data-product_sku=\"GH3301-UF\" data-price=\"21.1\" rel=\"nofollow\" class=\"wp-block-button__link  add_to_cart_button ajax_add_to_cart\">Ajouter au panier<\/a><\/div>\n\t\t\t<\/li><\/ul><\/div><\/div>\r\n<\/div>\r\n","protected":false},"excerpt":{"rendered":"","protected":false},"author":1,"featured_media":0,"parent":0,"menu_order":0,"comment_status":"closed","ping_status":"closed","template":"","meta":{"_acf_changed":false,"footnotes":""},"class_list":["post-20764","page","type-page","status-publish","hentry"],"acf":[],"yoast_head":"<!-- This site is optimized with the Yoast SEO plugin v27.4 - https:\/\/yoast.com\/product\/yoast-seo-wordpress\/ -->\n<title>Panier d&#039;achat - INTEX Biotech AG<\/title>\n<meta name=\"robots\" content=\"index, follow, max-snippet:-1, max-image-preview:large, max-video-preview:-1\" \/>\n<link rel=\"canonical\" href=\"https:\/\/intex-biotech.ch\/fr\/panier-dachat\/\" \/>\n<meta property=\"og:locale\" content=\"fr_FR\" \/>\n<meta property=\"og:type\" content=\"article\" \/>\n<meta property=\"og:title\" content=\"Panier d&#039;achat - INTEX Biotech AG\" \/>\n<meta property=\"og:url\" content=\"https:\/\/intex-biotech.ch\/fr\/panier-dachat\/\" \/>\n<meta property=\"og:site_name\" content=\"INTEX Biotech AG\" \/>\n<meta property=\"article:publisher\" content=\"https:\/\/www.facebook.com\/profile.php?id=61569140505229\" \/>\n<meta property=\"article:modified_time\" content=\"2025-06-08T10:57:19+00:00\" \/>\n<meta name=\"twitter:card\" content=\"summary_large_image\" \/>\n<script type=\"application\/ld+json\" class=\"yoast-schema-graph\">{\"@context\":\"https:\\\/\\\/schema.org\",\"@graph\":[{\"@type\":\"WebPage\",\"@id\":\"https:\\\/\\\/intex-biotech.ch\\\/fr\\\/panier-dachat\\\/\",\"url\":\"https:\\\/\\\/intex-biotech.ch\\\/fr\\\/panier-dachat\\\/\",\"name\":\"Panier d'achat - INTEX Biotech AG\",\"isPartOf\":{\"@id\":\"https:\\\/\\\/intex-biotech.ch\\\/#website\"},\"datePublished\":\"2025-01-06T15:10:05+00:00\",\"dateModified\":\"2025-06-08T10:57:19+00:00\",\"breadcrumb\":{\"@id\":\"https:\\\/\\\/intex-biotech.ch\\\/fr\\\/panier-dachat\\\/#breadcrumb\"},\"inLanguage\":\"fr-FR\",\"potentialAction\":[{\"@type\":\"ReadAction\",\"target\":[\"https:\\\/\\\/intex-biotech.ch\\\/fr\\\/panier-dachat\\\/\"]}]},{\"@type\":\"BreadcrumbList\",\"@id\":\"https:\\\/\\\/intex-biotech.ch\\\/fr\\\/panier-dachat\\\/#breadcrumb\",\"itemListElement\":[{\"@type\":\"ListItem\",\"position\":1,\"name\":\"Startseite\",\"item\":\"https:\\\/\\\/intex-biotech.ch\\\/fr\\\/\"},{\"@type\":\"ListItem\",\"position\":2,\"name\":\"Panier d&#8217;achat\"}]},{\"@type\":\"WebSite\",\"@id\":\"https:\\\/\\\/intex-biotech.ch\\\/#website\",\"url\":\"https:\\\/\\\/intex-biotech.ch\\\/\",\"name\":\"INTEX Biotech AG\",\"description\":\"Intex Diagnostika\",\"publisher\":{\"@id\":\"https:\\\/\\\/intex-biotech.ch\\\/#organization\"},\"potentialAction\":[{\"@type\":\"SearchAction\",\"target\":{\"@type\":\"EntryPoint\",\"urlTemplate\":\"https:\\\/\\\/intex-biotech.ch\\\/?s={search_term_string}\"},\"query-input\":{\"@type\":\"PropertyValueSpecification\",\"valueRequired\":true,\"valueName\":\"search_term_string\"}}],\"inLanguage\":\"fr-FR\"},{\"@type\":\"Organization\",\"@id\":\"https:\\\/\\\/intex-biotech.ch\\\/#organization\",\"name\":\"INTEX Biotech AG\",\"url\":\"https:\\\/\\\/intex-biotech.ch\\\/\",\"logo\":{\"@type\":\"ImageObject\",\"inLanguage\":\"fr-FR\",\"@id\":\"https:\\\/\\\/intex-biotech.ch\\\/#\\\/schema\\\/logo\\\/image\\\/\",\"url\":\"https:\\\/\\\/intex-biotech.ch\\\/wp-content\\\/uploads\\\/2025\\\/01\\\/cropped-Bild-4.jpeg\",\"contentUrl\":\"https:\\\/\\\/intex-biotech.ch\\\/wp-content\\\/uploads\\\/2025\\\/01\\\/cropped-Bild-4.jpeg\",\"width\":339,\"height\":91,\"caption\":\"INTEX Biotech AG\"},\"image\":{\"@id\":\"https:\\\/\\\/intex-biotech.ch\\\/#\\\/schema\\\/logo\\\/image\\\/\"},\"sameAs\":[\"https:\\\/\\\/www.facebook.com\\\/profile.php?id=61569140505229\"]}]}<\/script>\n<!-- \/ Yoast SEO plugin. -->","yoast_head_json":{"title":"Panier d'achat - INTEX Biotech AG","robots":{"index":"index","follow":"follow","max-snippet":"max-snippet:-1","max-image-preview":"max-image-preview:large","max-video-preview":"max-video-preview:-1"},"canonical":"https:\/\/intex-biotech.ch\/fr\/panier-dachat\/","og_locale":"fr_FR","og_type":"article","og_title":"Panier d'achat - INTEX Biotech AG","og_url":"https:\/\/intex-biotech.ch\/fr\/panier-dachat\/","og_site_name":"INTEX Biotech AG","article_publisher":"https:\/\/www.facebook.com\/profile.php?id=61569140505229","article_modified_time":"2025-06-08T10:57:19+00:00","twitter_card":"summary_large_image","schema":{"@context":"https:\/\/schema.org","@graph":[{"@type":"WebPage","@id":"https:\/\/intex-biotech.ch\/fr\/panier-dachat\/","url":"https:\/\/intex-biotech.ch\/fr\/panier-dachat\/","name":"Panier d'achat - INTEX Biotech AG","isPartOf":{"@id":"https:\/\/intex-biotech.ch\/#website"},"datePublished":"2025-01-06T15:10:05+00:00","dateModified":"2025-06-08T10:57:19+00:00","breadcrumb":{"@id":"https:\/\/intex-biotech.ch\/fr\/panier-dachat\/#breadcrumb"},"inLanguage":"fr-FR","potentialAction":[{"@type":"ReadAction","target":["https:\/\/intex-biotech.ch\/fr\/panier-dachat\/"]}]},{"@type":"BreadcrumbList","@id":"https:\/\/intex-biotech.ch\/fr\/panier-dachat\/#breadcrumb","itemListElement":[{"@type":"ListItem","position":1,"name":"Startseite","item":"https:\/\/intex-biotech.ch\/fr\/"},{"@type":"ListItem","position":2,"name":"Panier d&#8217;achat"}]},{"@type":"WebSite","@id":"https:\/\/intex-biotech.ch\/#website","url":"https:\/\/intex-biotech.ch\/","name":"INTEX Biotech AG","description":"Intex Diagnostika","publisher":{"@id":"https:\/\/intex-biotech.ch\/#organization"},"potentialAction":[{"@type":"SearchAction","target":{"@type":"EntryPoint","urlTemplate":"https:\/\/intex-biotech.ch\/?s={search_term_string}"},"query-input":{"@type":"PropertyValueSpecification","valueRequired":true,"valueName":"search_term_string"}}],"inLanguage":"fr-FR"},{"@type":"Organization","@id":"https:\/\/intex-biotech.ch\/#organization","name":"INTEX Biotech AG","url":"https:\/\/intex-biotech.ch\/","logo":{"@type":"ImageObject","inLanguage":"fr-FR","@id":"https:\/\/intex-biotech.ch\/#\/schema\/logo\/image\/","url":"https:\/\/intex-biotech.ch\/wp-content\/uploads\/2025\/01\/cropped-Bild-4.jpeg","contentUrl":"https:\/\/intex-biotech.ch\/wp-content\/uploads\/2025\/01\/cropped-Bild-4.jpeg","width":339,"height":91,"caption":"INTEX Biotech AG"},"image":{"@id":"https:\/\/intex-biotech.ch\/#\/schema\/logo\/image\/"},"sameAs":["https:\/\/www.facebook.com\/profile.php?id=61569140505229"]}]}},"_links":{"self":[{"href":"https:\/\/intex-biotech.ch\/fr\/wp-json\/wp\/v2\/pages\/20764","targetHints":{"allow":["GET"]}}],"collection":[{"href":"https:\/\/intex-biotech.ch\/fr\/wp-json\/wp\/v2\/pages"}],"about":[{"href":"https:\/\/intex-biotech.ch\/fr\/wp-json\/wp\/v2\/types\/page"}],"author":[{"embeddable":true,"href":"https:\/\/intex-biotech.ch\/fr\/wp-json\/wp\/v2\/users\/1"}],"replies":[{"embeddable":true,"href":"https:\/\/intex-biotech.ch\/fr\/wp-json\/wp\/v2\/comments?post=20764"}],"version-history":[{"count":0,"href":"https:\/\/intex-biotech.ch\/fr\/wp-json\/wp\/v2\/pages\/20764\/revisions"}],"wp:attachment":[{"href":"https:\/\/intex-biotech.ch\/fr\/wp-json\/wp\/v2\/media?parent=20764"}],"curies":[{"name":"wp","href":"https:\/\/api.w.org\/{rel}","templated":true}]}}