{"id":22143,"date":"2025-10-08T11:53:29","date_gmt":"2025-10-08T11:53:29","guid":{"rendered":"https:\/\/intex-biotech.ch\/product\/intex-test-grossesse-gravi-hcg-2-pcs\/"},"modified":"2025-12-24T10:56:18","modified_gmt":"2025-12-24T09:56:18","slug":"intex-test-grossesse-gravi-hcg-2-pcs","status":"publish","type":"product","link":"https:\/\/intex-biotech.ch\/fr\/product\/intex-test-grossesse-gravi-hcg-2-pcs\/","title":{"rendered":"INTEX test grossesse Gravi HCG 2 pcs"},"content":{"rendered":"<p>INTEX\u00ae-Gravi-hCG Test<br \/>\nTest de grossesse sp\u00e9cifique hCG en une seule \u00e9tape<\/p>\n<p>Le test INTEX\u00ae-GRAVI-hCG est un test rapide immunochromatographique sensible en une \u00e9tape pour la d\u00e9tection qualitative de la gonadotrophine chorionique humaine (hCG) dans l&rsquo;urine. Le test sert au d\u00e9pistage pr\u00e9coce d&rsquo;une grossesse. <\/p>\n","protected":false},"excerpt":{"rendered":"<p>Test de grossesse sp\u00e9cifique hCG en une \u00e9tape ! Diagnostic rapide et fiable.<\/p>\n","protected":false},"featured_media":21970,"template":"","meta":{"_acf_changed":false},"product_brand":[],"product_cat":[196,156],"product_tag":[202,201,200],"class_list":{"0":"post-22143","1":"product","2":"type-product","3":"status-publish","4":"has-post-thumbnail","6":"product_cat-hcg","7":"product_cat-tests-de-grossesse","8":"product_tag-hcg","9":"product_tag-test-de-grossesse","10":"product_tag-test-rapide","11":"product_shipping_class-petit-colis","13":"first","14":"instock","15":"taxable","16":"shipping-taxable","17":"purchasable","18":"product-type-simple"},"acf":{"gtin_feld":""},"yoast_head":"<!-- This site is optimized with the Yoast SEO plugin v27.4 - https:\/\/yoast.com\/product\/yoast-seo-wordpress\/ -->\n<title>INTEX test grossesse Gravi HCG 2 pcs - INTEX Biotech AG<\/title>\n<meta name=\"description\" content=\"Test de grossesse fiable \u00e0 utiliser soi-m\u00eame, r\u00e9sultat en quelques minutes.\" \/>\n<meta name=\"robots\" content=\"index, follow, max-snippet:-1, max-image-preview:large, max-video-preview:-1\" \/>\n<link rel=\"canonical\" href=\"https:\/\/intex-biotech.ch\/fr\/product\/intex-test-grossesse-gravi-hcg-2-pcs\/\" \/>\n<meta property=\"og:locale\" content=\"fr_FR\" \/>\n<meta property=\"og:type\" content=\"article\" \/>\n<meta property=\"og:title\" content=\"INTEX test grossesse Gravi HCG 2 pcs - INTEX Biotech AG\" \/>\n<meta property=\"og:description\" content=\"Test de grossesse fiable \u00e0 utiliser soi-m\u00eame, r\u00e9sultat en quelques minutes.\" \/>\n<meta property=\"og:url\" content=\"https:\/\/intex-biotech.ch\/fr\/product\/intex-test-grossesse-gravi-hcg-2-pcs\/\" \/>\n<meta property=\"og:site_name\" content=\"INTEX Biotech AG\" \/>\n<meta property=\"article:publisher\" content=\"https:\/\/www.facebook.com\/profile.php?id=61569140505229\" \/>\n<meta property=\"article:modified_time\" content=\"2025-12-24T09:56:18+00:00\" \/>\n<meta property=\"og:image\" content=\"https:\/\/intex-biotech.ch\/wp-content\/uploads\/2025\/10\/Gravi-hCG-2-Stk-isoliert-scaled.jpg\" \/>\n\t<meta property=\"og:image:width\" content=\"2560\" \/>\n\t<meta property=\"og:image:height\" content=\"1183\" \/>\n\t<meta property=\"og:image:type\" content=\"image\/jpeg\" \/>\n<meta name=\"twitter:card\" content=\"summary_large_image\" \/>\n<script type=\"application\/ld+json\" class=\"yoast-schema-graph\">{\"@context\":\"https:\\\/\\\/schema.org\",\"@graph\":[{\"@type\":\"WebPage\",\"@id\":\"https:\\\/\\\/intex-biotech.ch\\\/fr\\\/product\\\/intex-test-grossesse-gravi-hcg-2-pcs\\\/\",\"url\":\"https:\\\/\\\/intex-biotech.ch\\\/fr\\\/product\\\/intex-test-grossesse-gravi-hcg-2-pcs\\\/\",\"name\":\"INTEX test grossesse Gravi HCG 2 pcs - INTEX Biotech AG\",\"isPartOf\":{\"@id\":\"https:\\\/\\\/intex-biotech.ch\\\/#website\"},\"primaryImageOfPage\":{\"@id\":\"https:\\\/\\\/intex-biotech.ch\\\/fr\\\/product\\\/intex-test-grossesse-gravi-hcg-2-pcs\\\/#primaryimage\"},\"image\":{\"@id\":\"https:\\\/\\\/intex-biotech.ch\\\/fr\\\/product\\\/intex-test-grossesse-gravi-hcg-2-pcs\\\/#primaryimage\"},\"thumbnailUrl\":\"https:\\\/\\\/intex-biotech.ch\\\/wp-content\\\/uploads\\\/2025\\\/10\\\/Gravi-hCG-2-Stk-isoliert-scaled.jpg\",\"datePublished\":\"2025-10-08T11:53:29+00:00\",\"dateModified\":\"2025-12-24T09:56:18+00:00\",\"description\":\"Test de grossesse fiable \u00e0 utiliser soi-m\u00eame, r\u00e9sultat en quelques minutes.\",\"breadcrumb\":{\"@id\":\"https:\\\/\\\/intex-biotech.ch\\\/fr\\\/product\\\/intex-test-grossesse-gravi-hcg-2-pcs\\\/#breadcrumb\"},\"inLanguage\":\"fr-FR\",\"potentialAction\":[{\"@type\":\"ReadAction\",\"target\":[\"https:\\\/\\\/intex-biotech.ch\\\/fr\\\/product\\\/intex-test-grossesse-gravi-hcg-2-pcs\\\/\"]}]},{\"@type\":\"ImageObject\",\"inLanguage\":\"fr-FR\",\"@id\":\"https:\\\/\\\/intex-biotech.ch\\\/fr\\\/product\\\/intex-test-grossesse-gravi-hcg-2-pcs\\\/#primaryimage\",\"url\":\"https:\\\/\\\/intex-biotech.ch\\\/wp-content\\\/uploads\\\/2025\\\/10\\\/Gravi-hCG-2-Stk-isoliert-scaled.jpg\",\"contentUrl\":\"https:\\\/\\\/intex-biotech.ch\\\/wp-content\\\/uploads\\\/2025\\\/10\\\/Gravi-hCG-2-Stk-isoliert-scaled.jpg\",\"width\":2560,\"height\":1183},{\"@type\":\"BreadcrumbList\",\"@id\":\"https:\\\/\\\/intex-biotech.ch\\\/fr\\\/product\\\/intex-test-grossesse-gravi-hcg-2-pcs\\\/#breadcrumb\",\"itemListElement\":[{\"@type\":\"ListItem\",\"position\":1,\"name\":\"Startseite\",\"item\":\"https:\\\/\\\/intex-biotech.ch\\\/fr\\\/\"},{\"@type\":\"ListItem\",\"position\":2,\"name\":\"Boutique\",\"item\":\"https:\\\/\\\/intex-biotech.ch\\\/fr\\\/boutique\\\/\"},{\"@type\":\"ListItem\",\"position\":3,\"name\":\"INTEX test grossesse Gravi HCG 2 pcs\"}]},{\"@type\":\"WebSite\",\"@id\":\"https:\\\/\\\/intex-biotech.ch\\\/#website\",\"url\":\"https:\\\/\\\/intex-biotech.ch\\\/\",\"name\":\"INTEX Biotech AG\",\"description\":\"Intex Diagnostika\",\"publisher\":{\"@id\":\"https:\\\/\\\/intex-biotech.ch\\\/#organization\"},\"potentialAction\":[{\"@type\":\"SearchAction\",\"target\":{\"@type\":\"EntryPoint\",\"urlTemplate\":\"https:\\\/\\\/intex-biotech.ch\\\/?s={search_term_string}\"},\"query-input\":{\"@type\":\"PropertyValueSpecification\",\"valueRequired\":true,\"valueName\":\"search_term_string\"}}],\"inLanguage\":\"fr-FR\"},{\"@type\":\"Organization\",\"@id\":\"https:\\\/\\\/intex-biotech.ch\\\/#organization\",\"name\":\"INTEX Biotech AG\",\"url\":\"https:\\\/\\\/intex-biotech.ch\\\/\",\"logo\":{\"@type\":\"ImageObject\",\"inLanguage\":\"fr-FR\",\"@id\":\"https:\\\/\\\/intex-biotech.ch\\\/#\\\/schema\\\/logo\\\/image\\\/\",\"url\":\"https:\\\/\\\/intex-biotech.ch\\\/wp-content\\\/uploads\\\/2025\\\/01\\\/cropped-Bild-4.jpeg\",\"contentUrl\":\"https:\\\/\\\/intex-biotech.ch\\\/wp-content\\\/uploads\\\/2025\\\/01\\\/cropped-Bild-4.jpeg\",\"width\":339,\"height\":91,\"caption\":\"INTEX Biotech AG\"},\"image\":{\"@id\":\"https:\\\/\\\/intex-biotech.ch\\\/#\\\/schema\\\/logo\\\/image\\\/\"},\"sameAs\":[\"https:\\\/\\\/www.facebook.com\\\/profile.php?id=61569140505229\"]}]}<\/script>\n<!-- \/ Yoast SEO plugin. -->","yoast_head_json":{"title":"INTEX test grossesse Gravi HCG 2 pcs - INTEX Biotech AG","description":"Test de grossesse fiable \u00e0 utiliser soi-m\u00eame, r\u00e9sultat en quelques minutes.","robots":{"index":"index","follow":"follow","max-snippet":"max-snippet:-1","max-image-preview":"max-image-preview:large","max-video-preview":"max-video-preview:-1"},"canonical":"https:\/\/intex-biotech.ch\/fr\/product\/intex-test-grossesse-gravi-hcg-2-pcs\/","og_locale":"fr_FR","og_type":"article","og_title":"INTEX test grossesse Gravi HCG 2 pcs - INTEX Biotech AG","og_description":"Test de grossesse fiable \u00e0 utiliser soi-m\u00eame, r\u00e9sultat en quelques minutes.","og_url":"https:\/\/intex-biotech.ch\/fr\/product\/intex-test-grossesse-gravi-hcg-2-pcs\/","og_site_name":"INTEX Biotech AG","article_publisher":"https:\/\/www.facebook.com\/profile.php?id=61569140505229","article_modified_time":"2025-12-24T09:56:18+00:00","og_image":[{"width":2560,"height":1183,"url":"https:\/\/intex-biotech.ch\/wp-content\/uploads\/2025\/10\/Gravi-hCG-2-Stk-isoliert-scaled.jpg","type":"image\/jpeg"}],"twitter_card":"summary_large_image","schema":{"@context":"https:\/\/schema.org","@graph":[{"@type":"WebPage","@id":"https:\/\/intex-biotech.ch\/fr\/product\/intex-test-grossesse-gravi-hcg-2-pcs\/","url":"https:\/\/intex-biotech.ch\/fr\/product\/intex-test-grossesse-gravi-hcg-2-pcs\/","name":"INTEX test grossesse Gravi HCG 2 pcs - INTEX Biotech AG","isPartOf":{"@id":"https:\/\/intex-biotech.ch\/#website"},"primaryImageOfPage":{"@id":"https:\/\/intex-biotech.ch\/fr\/product\/intex-test-grossesse-gravi-hcg-2-pcs\/#primaryimage"},"image":{"@id":"https:\/\/intex-biotech.ch\/fr\/product\/intex-test-grossesse-gravi-hcg-2-pcs\/#primaryimage"},"thumbnailUrl":"https:\/\/intex-biotech.ch\/wp-content\/uploads\/2025\/10\/Gravi-hCG-2-Stk-isoliert-scaled.jpg","datePublished":"2025-10-08T11:53:29+00:00","dateModified":"2025-12-24T09:56:18+00:00","description":"Test de grossesse fiable \u00e0 utiliser soi-m\u00eame, r\u00e9sultat en quelques minutes.","breadcrumb":{"@id":"https:\/\/intex-biotech.ch\/fr\/product\/intex-test-grossesse-gravi-hcg-2-pcs\/#breadcrumb"},"inLanguage":"fr-FR","potentialAction":[{"@type":"ReadAction","target":["https:\/\/intex-biotech.ch\/fr\/product\/intex-test-grossesse-gravi-hcg-2-pcs\/"]}]},{"@type":"ImageObject","inLanguage":"fr-FR","@id":"https:\/\/intex-biotech.ch\/fr\/product\/intex-test-grossesse-gravi-hcg-2-pcs\/#primaryimage","url":"https:\/\/intex-biotech.ch\/wp-content\/uploads\/2025\/10\/Gravi-hCG-2-Stk-isoliert-scaled.jpg","contentUrl":"https:\/\/intex-biotech.ch\/wp-content\/uploads\/2025\/10\/Gravi-hCG-2-Stk-isoliert-scaled.jpg","width":2560,"height":1183},{"@type":"BreadcrumbList","@id":"https:\/\/intex-biotech.ch\/fr\/product\/intex-test-grossesse-gravi-hcg-2-pcs\/#breadcrumb","itemListElement":[{"@type":"ListItem","position":1,"name":"Startseite","item":"https:\/\/intex-biotech.ch\/fr\/"},{"@type":"ListItem","position":2,"name":"Boutique","item":"https:\/\/intex-biotech.ch\/fr\/boutique\/"},{"@type":"ListItem","position":3,"name":"INTEX test grossesse Gravi HCG 2 pcs"}]},{"@type":"WebSite","@id":"https:\/\/intex-biotech.ch\/#website","url":"https:\/\/intex-biotech.ch\/","name":"INTEX Biotech AG","description":"Intex Diagnostika","publisher":{"@id":"https:\/\/intex-biotech.ch\/#organization"},"potentialAction":[{"@type":"SearchAction","target":{"@type":"EntryPoint","urlTemplate":"https:\/\/intex-biotech.ch\/?s={search_term_string}"},"query-input":{"@type":"PropertyValueSpecification","valueRequired":true,"valueName":"search_term_string"}}],"inLanguage":"fr-FR"},{"@type":"Organization","@id":"https:\/\/intex-biotech.ch\/#organization","name":"INTEX Biotech AG","url":"https:\/\/intex-biotech.ch\/","logo":{"@type":"ImageObject","inLanguage":"fr-FR","@id":"https:\/\/intex-biotech.ch\/#\/schema\/logo\/image\/","url":"https:\/\/intex-biotech.ch\/wp-content\/uploads\/2025\/01\/cropped-Bild-4.jpeg","contentUrl":"https:\/\/intex-biotech.ch\/wp-content\/uploads\/2025\/01\/cropped-Bild-4.jpeg","width":339,"height":91,"caption":"INTEX Biotech AG"},"image":{"@id":"https:\/\/intex-biotech.ch\/#\/schema\/logo\/image\/"},"sameAs":["https:\/\/www.facebook.com\/profile.php?id=61569140505229"]}]}},"_links":{"self":[{"href":"https:\/\/intex-biotech.ch\/fr\/wp-json\/wp\/v2\/product\/22143","targetHints":{"allow":["GET"]}}],"collection":[{"href":"https:\/\/intex-biotech.ch\/fr\/wp-json\/wp\/v2\/product"}],"about":[{"href":"https:\/\/intex-biotech.ch\/fr\/wp-json\/wp\/v2\/types\/product"}],"wp:featuredmedia":[{"embeddable":true,"href":"https:\/\/intex-biotech.ch\/fr\/wp-json\/wp\/v2\/media\/21970"}],"wp:attachment":[{"href":"https:\/\/intex-biotech.ch\/fr\/wp-json\/wp\/v2\/media?parent=22143"}],"wp:term":[{"taxonomy":"product_brand","embeddable":true,"href":"https:\/\/intex-biotech.ch\/fr\/wp-json\/wp\/v2\/product_brand?post=22143"},{"taxonomy":"product_cat","embeddable":true,"href":"https:\/\/intex-biotech.ch\/fr\/wp-json\/wp\/v2\/product_cat?post=22143"},{"taxonomy":"product_tag","embeddable":true,"href":"https:\/\/intex-biotech.ch\/fr\/wp-json\/wp\/v2\/product_tag?post=22143"}],"curies":[{"name":"wp","href":"https:\/\/api.w.org\/{rel}","templated":true}]}}