{"id":22166,"date":"2025-10-17T12:14:31","date_gmt":"2025-10-17T12:14:31","guid":{"rendered":"https:\/\/intex-biotech.ch\/product\/intex-coralene-test-grossesse-midstream-1-pce\/"},"modified":"2025-12-24T10:32:00","modified_gmt":"2025-12-24T09:32:00","slug":"intex-coralene-test-grossesse-midstream-1-pce","status":"publish","type":"product","link":"https:\/\/intex-biotech.ch\/fr\/product\/intex-coralene-test-grossesse-midstream-1-pce\/","title":{"rendered":"INTEX Coralene test grossesse midstream 1 pce"},"content":{"rendered":"<p>Coralene\u00ae<br \/>\nMidstream &#8211; Test de grossesse \u00e0 usage personnel.<\/p>\n<p>Le test de grossesse Coralene\u00ae a \u00e9t\u00e9 sp\u00e9cialement con\u00e7u par nos soins pour une utilisation \u00e0 domicile afin d&rsquo;offrir aux femmes un r\u00e9sultat rapide, une s\u00e9curit\u00e9 sans \u00e9quivoque et une utilisation simple.<\/p>\n<p>Ce test de grossesse peut d\u00e9tecter l&rsquo;hormone hCG \u00e0 partir d&rsquo;une valeur de 20 mlIU\/ml dans votre urine. Il s&rsquo;agit d&rsquo;une hormone qui peut d\u00e9j\u00e0 indiquer les premiers stades d&rsquo;une grossesse. <\/p>\n<p>Le test de grossesse \u00e0 bande centrale est adapt\u00e9 \u00e0 un usage domestique pour savoir si l&rsquo;on est (en d\u00e9but de) grossesse. Le test de grossesse \u00e0 bande centrale INTEX Coralene\u00ae est disponible en pharmacie et en ligne sans ordonnance. <\/p>\n","protected":false},"excerpt":{"rendered":"<p>La nouvelle g\u00e9n\u00e9ration de tests rapides ! Diagnostic rapide et fiable. <\/p>\n","protected":false},"featured_media":22158,"template":"","meta":{"_acf_changed":false},"product_brand":[],"product_cat":[191,156],"product_tag":[201,200],"class_list":{"0":"post-22166","1":"product","2":"type-product","3":"status-publish","4":"has-post-thumbnail","6":"product_cat-coralene","7":"product_cat-tests-de-grossesse","8":"product_tag-test-de-grossesse","9":"product_tag-test-rapide","10":"product_shipping_class-petit-colis","12":"first","13":"instock","14":"taxable","15":"shipping-taxable","16":"purchasable","17":"product-type-simple"},"acf":{"gtin_feld":""},"yoast_head":"<!-- This site is optimized with the Yoast SEO plugin v27.4 - https:\/\/yoast.com\/product\/yoast-seo-wordpress\/ -->\n<title>INTEX Coralene test grossesse midstream 1 pce - INTEX Biotech AG<\/title>\n<meta name=\"description\" content=\"Texte sur la grossesse pour usage personnel, r\u00e9sultat rapide\" \/>\n<meta name=\"robots\" content=\"index, follow, max-snippet:-1, max-image-preview:large, max-video-preview:-1\" \/>\n<link rel=\"canonical\" href=\"https:\/\/intex-biotech.ch\/fr\/product\/intex-coralene-test-grossesse-midstream-1-pce\/\" \/>\n<meta property=\"og:locale\" content=\"fr_FR\" \/>\n<meta property=\"og:type\" content=\"article\" \/>\n<meta property=\"og:title\" content=\"INTEX Coralene test grossesse midstream 1 pce - INTEX Biotech AG\" \/>\n<meta property=\"og:description\" content=\"Texte sur la grossesse pour usage personnel, r\u00e9sultat rapide\" \/>\n<meta property=\"og:url\" content=\"https:\/\/intex-biotech.ch\/fr\/product\/intex-coralene-test-grossesse-midstream-1-pce\/\" \/>\n<meta property=\"og:site_name\" content=\"INTEX Biotech AG\" \/>\n<meta property=\"article:publisher\" content=\"https:\/\/www.facebook.com\/profile.php?id=61569140505229\" \/>\n<meta property=\"article:modified_time\" content=\"2025-12-24T09:32:00+00:00\" \/>\n<meta property=\"og:image\" content=\"https:\/\/intex-biotech.ch\/wp-content\/uploads\/2025\/12\/Coralene_Box_1Test_1.jpg\" \/>\n\t<meta property=\"og:image:width\" content=\"1500\" \/>\n\t<meta property=\"og:image:height\" content=\"1000\" \/>\n\t<meta property=\"og:image:type\" content=\"image\/jpeg\" \/>\n<meta name=\"twitter:card\" content=\"summary_large_image\" \/>\n<meta name=\"twitter:label1\" content=\"Dur\u00e9e de lecture estim\u00e9e\" \/>\n\t<meta name=\"twitter:data1\" content=\"1 minute\" \/>\n<script type=\"application\/ld+json\" class=\"yoast-schema-graph\">{\"@context\":\"https:\\\/\\\/schema.org\",\"@graph\":[{\"@type\":\"WebPage\",\"@id\":\"https:\\\/\\\/intex-biotech.ch\\\/fr\\\/product\\\/intex-coralene-test-grossesse-midstream-1-pce\\\/\",\"url\":\"https:\\\/\\\/intex-biotech.ch\\\/fr\\\/product\\\/intex-coralene-test-grossesse-midstream-1-pce\\\/\",\"name\":\"INTEX Coralene test grossesse midstream 1 pce - INTEX Biotech AG\",\"isPartOf\":{\"@id\":\"https:\\\/\\\/intex-biotech.ch\\\/#website\"},\"primaryImageOfPage\":{\"@id\":\"https:\\\/\\\/intex-biotech.ch\\\/fr\\\/product\\\/intex-coralene-test-grossesse-midstream-1-pce\\\/#primaryimage\"},\"image\":{\"@id\":\"https:\\\/\\\/intex-biotech.ch\\\/fr\\\/product\\\/intex-coralene-test-grossesse-midstream-1-pce\\\/#primaryimage\"},\"thumbnailUrl\":\"https:\\\/\\\/intex-biotech.ch\\\/wp-content\\\/uploads\\\/2025\\\/12\\\/Coralene_Box_1Test_1.jpg\",\"datePublished\":\"2025-10-17T12:14:31+00:00\",\"dateModified\":\"2025-12-24T09:32:00+00:00\",\"description\":\"Texte sur la grossesse pour usage personnel, r\u00e9sultat rapide\",\"breadcrumb\":{\"@id\":\"https:\\\/\\\/intex-biotech.ch\\\/fr\\\/product\\\/intex-coralene-test-grossesse-midstream-1-pce\\\/#breadcrumb\"},\"inLanguage\":\"fr-FR\",\"potentialAction\":[{\"@type\":\"ReadAction\",\"target\":[\"https:\\\/\\\/intex-biotech.ch\\\/fr\\\/product\\\/intex-coralene-test-grossesse-midstream-1-pce\\\/\"]}]},{\"@type\":\"ImageObject\",\"inLanguage\":\"fr-FR\",\"@id\":\"https:\\\/\\\/intex-biotech.ch\\\/fr\\\/product\\\/intex-coralene-test-grossesse-midstream-1-pce\\\/#primaryimage\",\"url\":\"https:\\\/\\\/intex-biotech.ch\\\/wp-content\\\/uploads\\\/2025\\\/12\\\/Coralene_Box_1Test_1.jpg\",\"contentUrl\":\"https:\\\/\\\/intex-biotech.ch\\\/wp-content\\\/uploads\\\/2025\\\/12\\\/Coralene_Box_1Test_1.jpg\",\"width\":1500,\"height\":1000},{\"@type\":\"BreadcrumbList\",\"@id\":\"https:\\\/\\\/intex-biotech.ch\\\/fr\\\/product\\\/intex-coralene-test-grossesse-midstream-1-pce\\\/#breadcrumb\",\"itemListElement\":[{\"@type\":\"ListItem\",\"position\":1,\"name\":\"Startseite\",\"item\":\"https:\\\/\\\/intex-biotech.ch\\\/fr\\\/\"},{\"@type\":\"ListItem\",\"position\":2,\"name\":\"Boutique\",\"item\":\"https:\\\/\\\/intex-biotech.ch\\\/fr\\\/boutique\\\/\"},{\"@type\":\"ListItem\",\"position\":3,\"name\":\"INTEX Coralene test grossesse midstream 1 pce\"}]},{\"@type\":\"WebSite\",\"@id\":\"https:\\\/\\\/intex-biotech.ch\\\/#website\",\"url\":\"https:\\\/\\\/intex-biotech.ch\\\/\",\"name\":\"INTEX Biotech AG\",\"description\":\"Intex Diagnostika\",\"publisher\":{\"@id\":\"https:\\\/\\\/intex-biotech.ch\\\/#organization\"},\"potentialAction\":[{\"@type\":\"SearchAction\",\"target\":{\"@type\":\"EntryPoint\",\"urlTemplate\":\"https:\\\/\\\/intex-biotech.ch\\\/?s={search_term_string}\"},\"query-input\":{\"@type\":\"PropertyValueSpecification\",\"valueRequired\":true,\"valueName\":\"search_term_string\"}}],\"inLanguage\":\"fr-FR\"},{\"@type\":\"Organization\",\"@id\":\"https:\\\/\\\/intex-biotech.ch\\\/#organization\",\"name\":\"INTEX Biotech AG\",\"url\":\"https:\\\/\\\/intex-biotech.ch\\\/\",\"logo\":{\"@type\":\"ImageObject\",\"inLanguage\":\"fr-FR\",\"@id\":\"https:\\\/\\\/intex-biotech.ch\\\/#\\\/schema\\\/logo\\\/image\\\/\",\"url\":\"https:\\\/\\\/intex-biotech.ch\\\/wp-content\\\/uploads\\\/2025\\\/01\\\/cropped-Bild-4.jpeg\",\"contentUrl\":\"https:\\\/\\\/intex-biotech.ch\\\/wp-content\\\/uploads\\\/2025\\\/01\\\/cropped-Bild-4.jpeg\",\"width\":339,\"height\":91,\"caption\":\"INTEX Biotech AG\"},\"image\":{\"@id\":\"https:\\\/\\\/intex-biotech.ch\\\/#\\\/schema\\\/logo\\\/image\\\/\"},\"sameAs\":[\"https:\\\/\\\/www.facebook.com\\\/profile.php?id=61569140505229\"]}]}<\/script>\n<!-- \/ Yoast SEO plugin. -->","yoast_head_json":{"title":"INTEX Coralene test grossesse midstream 1 pce - INTEX Biotech AG","description":"Texte sur la grossesse pour usage personnel, r\u00e9sultat rapide","robots":{"index":"index","follow":"follow","max-snippet":"max-snippet:-1","max-image-preview":"max-image-preview:large","max-video-preview":"max-video-preview:-1"},"canonical":"https:\/\/intex-biotech.ch\/fr\/product\/intex-coralene-test-grossesse-midstream-1-pce\/","og_locale":"fr_FR","og_type":"article","og_title":"INTEX Coralene test grossesse midstream 1 pce - INTEX Biotech AG","og_description":"Texte sur la grossesse pour usage personnel, r\u00e9sultat rapide","og_url":"https:\/\/intex-biotech.ch\/fr\/product\/intex-coralene-test-grossesse-midstream-1-pce\/","og_site_name":"INTEX Biotech AG","article_publisher":"https:\/\/www.facebook.com\/profile.php?id=61569140505229","article_modified_time":"2025-12-24T09:32:00+00:00","og_image":[{"width":1500,"height":1000,"url":"https:\/\/intex-biotech.ch\/wp-content\/uploads\/2025\/12\/Coralene_Box_1Test_1.jpg","type":"image\/jpeg"}],"twitter_card":"summary_large_image","twitter_misc":{"Dur\u00e9e de lecture estim\u00e9e":"1 minute"},"schema":{"@context":"https:\/\/schema.org","@graph":[{"@type":"WebPage","@id":"https:\/\/intex-biotech.ch\/fr\/product\/intex-coralene-test-grossesse-midstream-1-pce\/","url":"https:\/\/intex-biotech.ch\/fr\/product\/intex-coralene-test-grossesse-midstream-1-pce\/","name":"INTEX Coralene test grossesse midstream 1 pce - INTEX Biotech AG","isPartOf":{"@id":"https:\/\/intex-biotech.ch\/#website"},"primaryImageOfPage":{"@id":"https:\/\/intex-biotech.ch\/fr\/product\/intex-coralene-test-grossesse-midstream-1-pce\/#primaryimage"},"image":{"@id":"https:\/\/intex-biotech.ch\/fr\/product\/intex-coralene-test-grossesse-midstream-1-pce\/#primaryimage"},"thumbnailUrl":"https:\/\/intex-biotech.ch\/wp-content\/uploads\/2025\/12\/Coralene_Box_1Test_1.jpg","datePublished":"2025-10-17T12:14:31+00:00","dateModified":"2025-12-24T09:32:00+00:00","description":"Texte sur la grossesse pour usage personnel, r\u00e9sultat rapide","breadcrumb":{"@id":"https:\/\/intex-biotech.ch\/fr\/product\/intex-coralene-test-grossesse-midstream-1-pce\/#breadcrumb"},"inLanguage":"fr-FR","potentialAction":[{"@type":"ReadAction","target":["https:\/\/intex-biotech.ch\/fr\/product\/intex-coralene-test-grossesse-midstream-1-pce\/"]}]},{"@type":"ImageObject","inLanguage":"fr-FR","@id":"https:\/\/intex-biotech.ch\/fr\/product\/intex-coralene-test-grossesse-midstream-1-pce\/#primaryimage","url":"https:\/\/intex-biotech.ch\/wp-content\/uploads\/2025\/12\/Coralene_Box_1Test_1.jpg","contentUrl":"https:\/\/intex-biotech.ch\/wp-content\/uploads\/2025\/12\/Coralene_Box_1Test_1.jpg","width":1500,"height":1000},{"@type":"BreadcrumbList","@id":"https:\/\/intex-biotech.ch\/fr\/product\/intex-coralene-test-grossesse-midstream-1-pce\/#breadcrumb","itemListElement":[{"@type":"ListItem","position":1,"name":"Startseite","item":"https:\/\/intex-biotech.ch\/fr\/"},{"@type":"ListItem","position":2,"name":"Boutique","item":"https:\/\/intex-biotech.ch\/fr\/boutique\/"},{"@type":"ListItem","position":3,"name":"INTEX Coralene test grossesse midstream 1 pce"}]},{"@type":"WebSite","@id":"https:\/\/intex-biotech.ch\/#website","url":"https:\/\/intex-biotech.ch\/","name":"INTEX Biotech AG","description":"Intex Diagnostika","publisher":{"@id":"https:\/\/intex-biotech.ch\/#organization"},"potentialAction":[{"@type":"SearchAction","target":{"@type":"EntryPoint","urlTemplate":"https:\/\/intex-biotech.ch\/?s={search_term_string}"},"query-input":{"@type":"PropertyValueSpecification","valueRequired":true,"valueName":"search_term_string"}}],"inLanguage":"fr-FR"},{"@type":"Organization","@id":"https:\/\/intex-biotech.ch\/#organization","name":"INTEX Biotech AG","url":"https:\/\/intex-biotech.ch\/","logo":{"@type":"ImageObject","inLanguage":"fr-FR","@id":"https:\/\/intex-biotech.ch\/#\/schema\/logo\/image\/","url":"https:\/\/intex-biotech.ch\/wp-content\/uploads\/2025\/01\/cropped-Bild-4.jpeg","contentUrl":"https:\/\/intex-biotech.ch\/wp-content\/uploads\/2025\/01\/cropped-Bild-4.jpeg","width":339,"height":91,"caption":"INTEX Biotech AG"},"image":{"@id":"https:\/\/intex-biotech.ch\/#\/schema\/logo\/image\/"},"sameAs":["https:\/\/www.facebook.com\/profile.php?id=61569140505229"]}]}},"_links":{"self":[{"href":"https:\/\/intex-biotech.ch\/fr\/wp-json\/wp\/v2\/product\/22166","targetHints":{"allow":["GET"]}}],"collection":[{"href":"https:\/\/intex-biotech.ch\/fr\/wp-json\/wp\/v2\/product"}],"about":[{"href":"https:\/\/intex-biotech.ch\/fr\/wp-json\/wp\/v2\/types\/product"}],"wp:featuredmedia":[{"embeddable":true,"href":"https:\/\/intex-biotech.ch\/fr\/wp-json\/wp\/v2\/media\/22158"}],"wp:attachment":[{"href":"https:\/\/intex-biotech.ch\/fr\/wp-json\/wp\/v2\/media?parent=22166"}],"wp:term":[{"taxonomy":"product_brand","embeddable":true,"href":"https:\/\/intex-biotech.ch\/fr\/wp-json\/wp\/v2\/product_brand?post=22166"},{"taxonomy":"product_cat","embeddable":true,"href":"https:\/\/intex-biotech.ch\/fr\/wp-json\/wp\/v2\/product_cat?post=22166"},{"taxonomy":"product_tag","embeddable":true,"href":"https:\/\/intex-biotech.ch\/fr\/wp-json\/wp\/v2\/product_tag?post=22166"}],"curies":[{"name":"wp","href":"https:\/\/api.w.org\/{rel}","templated":true}]}}